{"id":1177,"date":"2026-02-23T12:04:11","date_gmt":"2026-02-23T12:04:11","guid":{"rendered":"https:\/\/www.clinicadentalengandia.com\/?page_id=1177"},"modified":"2026-02-23T12:04:11","modified_gmt":"2026-02-23T12:04:11","slug":"politica-de-cookies","status":"publish","type":"page","link":"https:\/\/www.clinicadentalengandia.com\/en\/politica-de-cookies\/","title":{"rendered":"Pol\u00edtica de cookies"},"content":{"rendered":"<div id=\"fws_6a056c338f5c5\"  data-column-margin=\"default\" data-midnight=\"dark\"  class=\"wpb_row vc_row-fluid vc_row\"  style=\"padding-top: 0px; padding-bottom: 0px; \"><div class=\"row-bg-wrap\" data-bg-animation=\"none\" data-bg-animation-delay=\"\" data-bg-overlay=\"false\"><div class=\"inner-wrap row-bg-layer\" ><div class=\"row-bg viewport-desktop\"  style=\"\"><\/div><\/div><\/div><div class=\"row_col_wrap_12 col span_12 dark left\">\n\t<div  class=\"vc_col-sm-12 wpb_column column_container vc_column_container col no-extra-padding inherit_tablet inherit_phone flex_gap_desktop_10px\"  data-padding-pos=\"all\" data-has-bg-color=\"false\" data-bg-color=\"\" data-bg-opacity=\"1\" data-animation=\"\" data-delay=\"0\" >\n\t\t<div class=\"vc_column-inner\" >\n\t\t\t<div class=\"wpb_wrapper\">\n\t\t\t\t\n<div class=\"wpb_text_column wpb_content_element\" >\n\t<div class=\"cky-audit-table-element\">\n<div class=\"cky-category-des\">\n<h4><strong>Pol\u00edtica de Cookies<\/strong><\/h4>\n<p>Para que este sitio Web funcione correctamente necesita utilizar cookies, que es una informaci\u00f3n que se almacena en tu navegador web.<\/p>\n<p>En la p\u00e1gina Pol\u00edtica de Cookies puedes consultar toda la informaci\u00f3n relativa a la pol\u00edtica de recogida, la finalidad y el tratamiento de las cookies.<\/p>\n<p><strong>Legitimaci\u00f3n para el tratamiento de datos<\/strong><\/p>\n<p>La base legal para el tratamiento de tus datos es: el consentimiento.<\/p>\n<p>Para contactar con el Titular, suscribirte a un bolet\u00edn o realizar comentarios en este sitio Web tienes que aceptar la presente Pol\u00edtica de Privacidad.<\/p>\n<p><strong>Categor\u00edas de datos personales<\/strong><\/p>\n<p>Las categor\u00edas de datos personales que trata el Titular son:<\/p>\n<ul>\n<li>Datos identificativos.<\/li>\n<\/ul>\n<p><strong>Conservaci\u00f3n de datos personales<\/strong><\/p>\n<p>Los datos personales que proporciones al Titular se conservar\u00e1n hasta que solicites su supresi\u00f3n.<\/p>\n<p><strong>Destinatarios de datos personale<\/strong>s<\/p>\n<ul>\n<li>SendinBlue trata los datos con la finalidad de ofrecer soluciones para el env\u00edo de correos electr\u00f3nicos, SMS transaccionales y de el Titulareting al Titular.<\/li>\n<li>Google Analytics es un servicio de anal\u00edtica web prestado por Google, Inc., una compa\u00f1\u00eda de Delaware cuya oficina principal est\u00e1 en 1600 Amphitheatre Parkway, Mountain View (California), CA 94043, Estados Unidos (\u201cGoogle\u201d). Encontrar\u00e1s m\u00e1s informaci\u00f3n en: https:\/\/analytics.google.com<br \/>Google Analytics utiliza \u201ccookies\u201d, que son archivos de texto ubicados en tu ordenador, para ayudar al Titular a analizar el uso que hacen los usuarios del sitio Web. La informaci\u00f3n que genera la cookie acerca del uso del sitio Web (incluyendo tu direcci\u00f3n IP) ser\u00e1 directamente transmitida y archivada por Google en los servidores de Estados Unidos.<\/li>\n<li>DoubleClick utiliza \u201ccookies\u201d, que son archivos de texto ubicados en tu ordenador y que sirven para aumentar la relevancia de los anuncios relacionados con tus b\u00fasquedas recientes. En la Pol\u00edtica de privacidad de Google se explica c\u00f3mo Google gestiona tu privacidad en lo que respecta al uso de las cookies y otra informaci\u00f3n.<\/li>\n<\/ul>\n<p>Tambi\u00e9n puedes ver una lista de los tipos de cookies que utiliza Google y sus colaboradores y toda la informaci\u00f3n relativa al uso que hacen de cookies publicitarias.<\/p>\n<p><strong>Navegaci\u00f3n Web<\/strong><\/p>\n<p>Al navegar por\u00a0Dentisanavalencia.com\u00a0se pueden recoger datos no identificativos, que pueden incluir, la direcci\u00f3n IP, geolocalizaci\u00f3n, un registro de c\u00f3mo se utilizan los servicios y sitios, h\u00e1bitos de navegaci\u00f3n y otros datos que no pueden ser utilizados para identificarte.<\/p>\n<p>El sitio Web utiliza los siguientes servicios de an\u00e1lisis de terceros:<\/p>\n<ul>\n<li>Google Analytics<\/li>\n<\/ul>\n<p>El Titular utiliza la informaci\u00f3n obtenida para obtener datos estad\u00edsticos, analizar tendencias, administrar el sitio, estudiar patrones de navegaci\u00f3n y para recopilar informaci\u00f3n demogr\u00e1fica.<\/p>\n<p>&nbsp;<\/p>\n<p><strong>Necesaria<\/strong><\/p>\n<p>Las cookies necesarias son cruciales para las funciones b\u00e1sicas del sitio web y el sitio web no funcionar\u00e1 de la forma prevista sin ellas.Estas cookies no almacenan ning\u00fan dato de identificaci\u00f3n personal.<\/p>\n<\/div>\n<div class=\"cky-table-wrapper\">\n<table class=\"cky-cookie-audit-table\">\n<thead>\n<tr>\n<th>Cookie<\/th>\n<th>Duraci\u00f3n<\/th>\n<th>Descripci\u00f3n<\/th>\n<\/tr>\n<\/thead>\n<tbody>\n<tr>\n<td>_GRECAPTCHA<\/td>\n<td>6 meses<\/td>\n<td>El servicio Recaptcha de Google establece esta cookie para identificar bots y proteger el sitio web contra ataques de spam malintencionados.<\/td>\n<\/tr>\n<tr>\n<td>rc::a<\/td>\n<td>Nunca<\/td>\n<td>This cookie is set by the Google recaptcha service to identify bots to protect the website against malicious spam attacks.<\/td>\n<\/tr>\n<tr>\n<td>rc::f<\/td>\n<td>Nunca<\/td>\n<td>This cookie is set by the Google recaptcha service to identify bots to protect the website against malicious spam attacks.<\/td>\n<\/tr>\n<tr>\n<td>wpEmojiSettingsSupports<\/td>\n<td>sesi\u00f3n<\/td>\n<td>WordPress sets this cookie when a user interacts with emojis on a WordPress site. It helps determine if the user&#8217;s browser can display emojis properly.<\/td>\n<\/tr>\n<tr>\n<td>rc::c<\/td>\n<td>sesi\u00f3n<\/td>\n<td>This cookie is set by the Google recaptcha service to identify bots to protect the website against malicious spam attacks.<\/td>\n<\/tr>\n<tr>\n<td>rc::b<\/td>\n<td>sesi\u00f3n<\/td>\n<td>This cookie is set by the Google recaptcha service to identify bots to protect the website against malicious spam attacks.<\/td>\n<\/tr>\n<tr>\n<td>cookieyes-consent<\/td>\n<td>1 a\u00f1o<\/td>\n<td>CookieYes establece esta cookie para recordar las preferencias de consentimiento de los usuarios, de modo que se respeten sus preferencias en las siguientes visitas a este sitio. No recoge ni almacena ninguna informaci\u00f3n personal sobre los visitantes del sitio.<\/td>\n<\/tr>\n<\/tbody>\n<\/table>\n<\/div>\n<div class=\"cky-category-des\">\n<p><strong>Anal\u00edtica<\/strong><\/p>\n<p>Las cookies anal\u00edticas se utilizan para comprender c\u00f3mo interact\u00faan los visitantes con el sitio web. Estas cookies ayudan a proporcionar informaci\u00f3n sobre m\u00e9tricas el n\u00famero de visitantes, el porcentaje de rebote, la fuente de tr\u00e1fico, etc.<\/p>\n<\/div>\n<div class=\"cky-table-wrapper\">\n<table class=\"cky-cookie-audit-table\">\n<thead>\n<tr>\n<th>Cookie<\/th>\n<th>Duraci\u00f3n<\/th>\n<th>Descripci\u00f3n<\/th>\n<\/tr>\n<\/thead>\n<tbody>\n<tr>\n<td>_ga<\/td>\n<td>1 a\u00f1o 1 mes 4 d\u00edas<\/td>\n<td>Google Analytics establece esta cookie para calcular los datos de los visitantes, de las sesiones y de las campa\u00f1as y para hacer un seguimiento del uso del sitio para el informe de an\u00e1lisis del sitio. La cookie almacena la informaci\u00f3n de forma an\u00f3nima y asigna un n\u00famero generado aleatoriamente para reconocer a los visitantes \u00fanicos.<\/td>\n<\/tr>\n<tr>\n<td>_gid<\/td>\n<td>1 d\u00eda<\/td>\n<td>Google Analytics establece esta cookie para almacenar informaci\u00f3n sobre el uso que hacen los visitantes de un sitio web, al tiempo que crea un informe anal\u00edtico sobre el rendimiento del sitio. Algunos de los datos recogidos incluyen el n\u00famero de visitantes, su origen y las p\u00e1ginas que visitan de forma an\u00f3nima.<\/td>\n<\/tr>\n<tr>\n<td>_gat_gtag_UA_*<\/td>\n<td>1 minuto<\/td>\n<td>Google Analytics sets this cookie to store a unique user ID.<\/td>\n<\/tr>\n<tr>\n<td>_ga_*<\/td>\n<td>1 a\u00f1o 1 mes 4 d\u00edas<\/td>\n<td>Google Analytics sets this cookie to store and count page views.<\/td>\n<\/tr>\n<tr>\n<td>_fbp<\/td>\n<td>3 meses<\/td>\n<td>Facebook establece esta cookie para mostrar anuncios en Facebook o en una plataforma digital con publicidad de Facebook despu\u00e9s de visitar el sitio web.<\/td>\n<\/tr>\n<\/tbody>\n<\/table>\n<\/div>\n<\/div>\n<p>&nbsp;<\/p>\n<p><strong>Exactitud y veracidad de los datos personales<\/strong><\/p>\n<p>Te comprometes a que los datos facilitados al Titular sean correctos, completos, exactos y vigentes, as\u00ed como a mantenerlos debidamente actualizados.<\/p>\n<p>Como Usuario del sitio Web eres el \u00fanico responsable de la veracidad y correcci\u00f3n de los datos que remitas al sitio exonerando a el Titular de cualquier responsabilidad al respecto.<\/p>\n<p><strong>Aceptaci\u00f3n y consentimiento<\/strong><\/p>\n<p>Como Usuario del sitio Web declaras haber sido informado de las condiciones sobre protecci\u00f3n de datos de car\u00e1cter personal, aceptas y consientes el tratamiento de los mismos por parte de el Titular en la forma y para las finalidades indicadas en esta Pol\u00edtica de Privacidad.<\/p>\n<p><strong>Revocabilidad<\/strong><\/p>\n<p>Para ejercitar tus derechos de acceso, rectificaci\u00f3n, cancelaci\u00f3n, portabilidad y oposici\u00f3n tienes que enviar un correo electr\u00f3nico a <a href=\"mailto:clinicadentalcamident@gmail.com\">clinicadentalcamident@gmail.com<\/a> junto con la prueba v\u00e1lida en derecho como una fotocopia del D.N.I. o equivalente.<\/p>\n<p>El ejercicio de tus derechos no incluye ning\u00fan dato que el Titular est\u00e9 obligado a conservar con fines administrativos, legales o de seguridad.<\/p>\n<p><strong>Cambios en la Pol\u00edtica de Privacidad<\/strong><\/p>\n<p>El Titular se reserva el derecho a modificar la presente Pol\u00edtica de Privacidad para adaptarla a novedades legislativas o jurisprudenciales, as\u00ed como a pr\u00e1cticas de la industria.<\/p>\n<p>Estas pol\u00edticas estar\u00e1n vigentes hasta que sean modificadas por otras debidamente publicadas.<\/p>\n<\/div>\n\n\n\n\n\t\t\t<\/div> \n\t\t<\/div>\n\t<\/div> \n<\/div><\/div>","protected":false},"excerpt":{"rendered":"Pol\u00edtica de Cookies Para que este sitio Web funcione correctamente necesita utilizar cookies, que es una informaci\u00f3n que se almacena en tu navegador web. En la p\u00e1gina Pol\u00edtica de Cookies...","protected":false},"author":1,"featured_media":0,"parent":0,"menu_order":0,"comment_status":"closed","ping_status":"open","template":"","meta":{"footnotes":""},"class_list":["post-1177","page","type-page","status-publish"],"_links":{"self":[{"href":"https:\/\/www.clinicadentalengandia.com\/en\/wp-json\/wp\/v2\/pages\/1177","targetHints":{"allow":["GET"]}}],"collection":[{"href":"https:\/\/www.clinicadentalengandia.com\/en\/wp-json\/wp\/v2\/pages"}],"about":[{"href":"https:\/\/www.clinicadentalengandia.com\/en\/wp-json\/wp\/v2\/types\/page"}],"author":[{"embeddable":true,"href":"https:\/\/www.clinicadentalengandia.com\/en\/wp-json\/wp\/v2\/users\/1"}],"replies":[{"embeddable":true,"href":"https:\/\/www.clinicadentalengandia.com\/en\/wp-json\/wp\/v2\/comments?post=1177"}],"version-history":[{"count":1,"href":"https:\/\/www.clinicadentalengandia.com\/en\/wp-json\/wp\/v2\/pages\/1177\/revisions"}],"predecessor-version":[{"id":1180,"href":"https:\/\/www.clinicadentalengandia.com\/en\/wp-json\/wp\/v2\/pages\/1177\/revisions\/1180"}],"wp:attachment":[{"href":"https:\/\/www.clinicadentalengandia.com\/en\/wp-json\/wp\/v2\/media?parent=1177"}],"curies":[{"name":"wp","href":"https:\/\/api.w.org\/{rel}","templated":true}]}}